{"id":1812,"date":"2025-01-02T17:12:25","date_gmt":"2025-01-02T17:12:25","guid":{"rendered":"https:\/\/fechiteme.cl\/ns\/?page_id=1812"},"modified":"2025-01-02T17:34:56","modified_gmt":"2025-01-02T17:34:56","slug":"elementor-1812","status":"publish","type":"page","link":"https:\/\/fechiteme.cl\/ns\/elementor-1812\/","title":{"rendered":"Campeones Nacionales"},"content":{"rendered":"\t\t<div data-elementor-type=\"wp-page\" data-elementor-id=\"1812\" class=\"elementor elementor-1812\" data-elementor-post-type=\"page\">\n\t\t\t\t<div class=\"elementor-element elementor-element-138cb0c e-flex e-con-boxed e-con e-parent\" data-id=\"138cb0c\" data-element_type=\"container\">\n\t\t\t\t\t<div class=\"e-con-inner\">\n\t\t\t\t<div class=\"elementor-element elementor-element-3ba4a19 elementor-widget elementor-widget-text-editor\" data-id=\"3ba4a19\" data-element_type=\"widget\" data-widget_type=\"text-editor.default\">\n\t\t\t\t<div class=\"elementor-widget-container\">\n\t\t\t\t\t\t\t\t\t<p><em>En esta secci\u00f3n encontrar\u00e1s a los Campeones Nacional Individual en sus diferentes categor\u00edas<\/em><\/p>\t\t\t\t\t\t\t\t<\/div>\n\t\t\t\t<\/div>\n\t\t\t\t\t<\/div>\n\t\t\t\t<\/div>\n\t\t<div class=\"elementor-element elementor-element-0f112d9 e-flex e-con-boxed e-con e-parent\" data-id=\"0f112d9\" data-element_type=\"container\">\n\t\t\t\t\t<div class=\"e-con-inner\">\n\t\t\t\t<div class=\"elementor-element elementor-element-81dcacd e-n-tabs-mobile elementor-widget elementor-widget-n-tabs\" data-id=\"81dcacd\" data-element_type=\"widget\" data-settings=\"{&quot;horizontal_scroll&quot;:&quot;disable&quot;}\" data-widget_type=\"nested-tabs.default\">\n\t\t\t\t<div class=\"elementor-widget-container\">\n\t\t\t\t\t\t\t<div class=\"e-n-tabs\" data-widget-number=\"136170189\" aria-label=\"Pesta\u00f1as. Abre elementos con Intro o Espacio, ci\u00e9rralos con Escape y navega con las fechas.\">\n\t\t\t<div class=\"e-n-tabs-heading\" role=\"tablist\">\n\t\t\t\t\t<button id=\"e-n-tab-title-1361701891\" class=\"e-n-tab-title\" aria-selected=\"true\" data-tab-index=\"1\" role=\"tab\" tabindex=\"0\" aria-controls=\"e-n-tab-content-1361701891\" style=\"--n-tabs-title-order: 1;\">\n\t\t\t\t\t\t<span class=\"e-n-tab-title-text\">\n\t\t\t\t2024\t\t\t<\/span>\n\t\t<\/button>\n\t\t\t\t<button id=\"e-n-tab-title-1361701892\" class=\"e-n-tab-title\" aria-selected=\"false\" data-tab-index=\"2\" role=\"tab\" tabindex=\"-1\" aria-controls=\"e-n-tab-content-1361701892\" style=\"--n-tabs-title-order: 2;\">\n\t\t\t\t\t\t<span class=\"e-n-tab-title-text\">\n\t\t\t\t2025\t\t\t<\/span>\n\t\t<\/button>\n\t\t\t\t\t<\/div>\n\t\t\t<div class=\"e-n-tabs-content\">\n\t\t\t\t<div id=\"e-n-tab-content-1361701891\" role=\"tabpanel\" aria-labelledby=\"e-n-tab-title-1361701891\" data-tab-index=\"1\" style=\"--n-tabs-title-order: 1;\" class=\"e-active elementor-element elementor-element-552eb9b e-con-full e-grid e-con e-child\" data-id=\"552eb9b\" data-element_type=\"container\">\n\t\t<div class=\"elementor-element elementor-element-619321e e-flex e-con-boxed e-con e-child\" data-id=\"619321e\" data-element_type=\"container\">\n\t\t\t\t\t<div class=\"e-con-inner\">\n\t\t\t\t<div class=\"elementor-element elementor-element-cb35aa5 elementor-widget elementor-widget-image\" data-id=\"cb35aa5\" data-element_type=\"widget\" data-widget_type=\"image.default\">\n\t\t\t\t<div class=\"elementor-widget-container\">\n\t\t\t\t\t\t\t\t\t\t\t\t\t\t\t\t<a href=\"https:\/\/www.instagram.com\/nico_lasleyton\/\" target=\"_blank\">\n\t\t\t\t\t\t\t<img fetchpriority=\"high\" decoding=\"async\" width=\"640\" height=\"640\" src=\"https:\/\/fechiteme.cl\/ns\/wp-content\/uploads\/2025\/01\/1-1024x1024.png\" class=\"attachment-large size-large wp-image-1820\" alt=\"\" srcset=\"https:\/\/fechiteme.cl\/ns\/wp-content\/uploads\/2025\/01\/1-1024x1024.png 1024w, https:\/\/fechiteme.cl\/ns\/wp-content\/uploads\/2025\/01\/1-300x300.png 300w, https:\/\/fechiteme.cl\/ns\/wp-content\/uploads\/2025\/01\/1-150x150.png 150w, https:\/\/fechiteme.cl\/ns\/wp-content\/uploads\/2025\/01\/1-768x768.png 768w, https:\/\/fechiteme.cl\/ns\/wp-content\/uploads\/2025\/01\/1.png 1080w\" sizes=\"(max-width: 640px) 100vw, 640px\" \/>\t\t\t\t\t\t\t\t<\/a>\n\t\t\t\t\t\t\t\t\t\t\t\t\t\t\t<\/div>\n\t\t\t\t<\/div>\n\t\t\t\t\t<\/div>\n\t\t\t\t<\/div>\n\t\t<div class=\"elementor-element elementor-element-f5f52da e-flex e-con-boxed e-con e-child\" data-id=\"f5f52da\" data-element_type=\"container\">\n\t\t\t\t\t<div class=\"e-con-inner\">\n\t\t\t\t<div class=\"elementor-element elementor-element-427ca4c elementor-widget elementor-widget-image\" data-id=\"427ca4c\" data-element_type=\"widget\" data-widget_type=\"image.default\">\n\t\t\t\t<div class=\"elementor-widget-container\">\n\t\t\t\t\t\t\t\t\t\t\t\t\t\t\t\t<a href=\"https:\/\/www.instagram.com\/_minimalita\/\" target=\"_blank\">\n\t\t\t\t\t\t\t<img decoding=\"async\" width=\"640\" height=\"640\" src=\"https:\/\/fechiteme.cl\/ns\/wp-content\/uploads\/2025\/01\/2-1024x1024.png\" class=\"attachment-large size-large wp-image-1821\" alt=\"\" srcset=\"https:\/\/fechiteme.cl\/ns\/wp-content\/uploads\/2025\/01\/2-1024x1024.png 1024w, https:\/\/fechiteme.cl\/ns\/wp-content\/uploads\/2025\/01\/2-300x300.png 300w, https:\/\/fechiteme.cl\/ns\/wp-content\/uploads\/2025\/01\/2-150x150.png 150w, https:\/\/fechiteme.cl\/ns\/wp-content\/uploads\/2025\/01\/2-768x768.png 768w, https:\/\/fechiteme.cl\/ns\/wp-content\/uploads\/2025\/01\/2.png 1080w\" sizes=\"(max-width: 640px) 100vw, 640px\" \/>\t\t\t\t\t\t\t\t<\/a>\n\t\t\t\t\t\t\t\t\t\t\t\t\t\t\t<\/div>\n\t\t\t\t<\/div>\n\t\t\t\t\t<\/div>\n\t\t\t\t<\/div>\n\t\t<div class=\"elementor-element elementor-element-8e67863 e-flex e-con-boxed e-con e-child\" data-id=\"8e67863\" data-element_type=\"container\">\n\t\t\t\t\t<div class=\"e-con-inner\">\n\t\t\t\t<div class=\"elementor-element elementor-element-fedc5e7 elementor-widget elementor-widget-image\" data-id=\"fedc5e7\" data-element_type=\"widget\" data-widget_type=\"image.default\">\n\t\t\t\t<div class=\"elementor-widget-container\">\n\t\t\t\t\t\t\t\t\t\t\t\t\t\t\t\t<a href=\"https:\/\/www.instagram.com\/ado.0707\/\" target=\"_blank\">\n\t\t\t\t\t\t\t<img decoding=\"async\" width=\"640\" height=\"640\" src=\"https:\/\/fechiteme.cl\/ns\/wp-content\/uploads\/2025\/01\/3-1024x1024.png\" class=\"attachment-large size-large wp-image-1822\" alt=\"\" srcset=\"https:\/\/fechiteme.cl\/ns\/wp-content\/uploads\/2025\/01\/3-1024x1024.png 1024w, https:\/\/fechiteme.cl\/ns\/wp-content\/uploads\/2025\/01\/3-300x300.png 300w, https:\/\/fechiteme.cl\/ns\/wp-content\/uploads\/2025\/01\/3-150x150.png 150w, https:\/\/fechiteme.cl\/ns\/wp-content\/uploads\/2025\/01\/3-768x768.png 768w, https:\/\/fechiteme.cl\/ns\/wp-content\/uploads\/2025\/01\/3.png 1080w\" sizes=\"(max-width: 640px) 100vw, 640px\" \/>\t\t\t\t\t\t\t\t<\/a>\n\t\t\t\t\t\t\t\t\t\t\t\t\t\t\t<\/div>\n\t\t\t\t<\/div>\n\t\t\t\t\t<\/div>\n\t\t\t\t<\/div>\n\t\t<div class=\"elementor-element elementor-element-158456d e-flex e-con-boxed e-con e-child\" data-id=\"158456d\" data-element_type=\"container\">\n\t\t\t\t\t<div class=\"e-con-inner\">\n\t\t\t\t<div class=\"elementor-element elementor-element-3d7a436 elementor-widget elementor-widget-image\" data-id=\"3d7a436\" data-element_type=\"widget\" data-widget_type=\"image.default\">\n\t\t\t\t<div class=\"elementor-widget-container\">\n\t\t\t\t\t\t\t\t\t\t\t\t\t\t\t\t<a href=\"https:\/\/www.instagram.com\/emii_viillarroel\/\" target=\"_blank\">\n\t\t\t\t\t\t\t<img loading=\"lazy\" decoding=\"async\" width=\"640\" height=\"640\" src=\"https:\/\/fechiteme.cl\/ns\/wp-content\/uploads\/2025\/01\/4-1024x1024.png\" class=\"attachment-large size-large wp-image-1823\" alt=\"\" srcset=\"https:\/\/fechiteme.cl\/ns\/wp-content\/uploads\/2025\/01\/4-1024x1024.png 1024w, https:\/\/fechiteme.cl\/ns\/wp-content\/uploads\/2025\/01\/4-300x300.png 300w, https:\/\/fechiteme.cl\/ns\/wp-content\/uploads\/2025\/01\/4-150x150.png 150w, https:\/\/fechiteme.cl\/ns\/wp-content\/uploads\/2025\/01\/4-768x768.png 768w, https:\/\/fechiteme.cl\/ns\/wp-content\/uploads\/2025\/01\/4.png 1080w\" sizes=\"(max-width: 640px) 100vw, 640px\" \/>\t\t\t\t\t\t\t\t<\/a>\n\t\t\t\t\t\t\t\t\t\t\t\t\t\t\t<\/div>\n\t\t\t\t<\/div>\n\t\t\t\t\t<\/div>\n\t\t\t\t<\/div>\n\t\t<div class=\"elementor-element elementor-element-81ab103 e-flex e-con-boxed e-con e-child\" data-id=\"81ab103\" data-element_type=\"container\">\n\t\t\t\t\t<div class=\"e-con-inner\">\n\t\t\t\t<div class=\"elementor-element elementor-element-6df8e2f elementor-widget elementor-widget-image\" data-id=\"6df8e2f\" data-element_type=\"widget\" data-widget_type=\"image.default\">\n\t\t\t\t<div class=\"elementor-widget-container\">\n\t\t\t\t\t\t\t\t\t\t\t\t\t\t\t\t<a href=\"https:\/\/www.instagram.com\/angelitoo.oc\/\" target=\"_blank\">\n\t\t\t\t\t\t\t<img loading=\"lazy\" decoding=\"async\" width=\"640\" height=\"640\" src=\"https:\/\/fechiteme.cl\/ns\/wp-content\/uploads\/2025\/01\/5-1024x1024.png\" class=\"attachment-large size-large wp-image-1814\" alt=\"\" srcset=\"https:\/\/fechiteme.cl\/ns\/wp-content\/uploads\/2025\/01\/5-1024x1024.png 1024w, https:\/\/fechiteme.cl\/ns\/wp-content\/uploads\/2025\/01\/5-300x300.png 300w, https:\/\/fechiteme.cl\/ns\/wp-content\/uploads\/2025\/01\/5-150x150.png 150w, https:\/\/fechiteme.cl\/ns\/wp-content\/uploads\/2025\/01\/5-768x768.png 768w, https:\/\/fechiteme.cl\/ns\/wp-content\/uploads\/2025\/01\/5.png 1080w\" sizes=\"(max-width: 640px) 100vw, 640px\" \/>\t\t\t\t\t\t\t\t<\/a>\n\t\t\t\t\t\t\t\t\t\t\t\t\t\t\t<\/div>\n\t\t\t\t<\/div>\n\t\t\t\t\t<\/div>\n\t\t\t\t<\/div>\n\t\t<div class=\"elementor-element elementor-element-d092148 e-flex e-con-boxed e-con e-child\" data-id=\"d092148\" data-element_type=\"container\">\n\t\t\t\t\t<div class=\"e-con-inner\">\n\t\t\t\t<div class=\"elementor-element elementor-element-c3b2f89 elementor-widget elementor-widget-image\" data-id=\"c3b2f89\" data-element_type=\"widget\" data-widget_type=\"image.default\">\n\t\t\t\t<div class=\"elementor-widget-container\">\n\t\t\t\t\t\t\t\t\t\t\t\t\t\t\t\t<a href=\"https:\/\/www.instagram.com\/cat.toop\/\" target=\"_blank\">\n\t\t\t\t\t\t\t<img loading=\"lazy\" decoding=\"async\" width=\"640\" height=\"640\" src=\"https:\/\/fechiteme.cl\/ns\/wp-content\/uploads\/2025\/01\/6-1024x1024.png\" class=\"attachment-large size-large wp-image-1815\" alt=\"\" srcset=\"https:\/\/fechiteme.cl\/ns\/wp-content\/uploads\/2025\/01\/6-1024x1024.png 1024w, https:\/\/fechiteme.cl\/ns\/wp-content\/uploads\/2025\/01\/6-300x300.png 300w, https:\/\/fechiteme.cl\/ns\/wp-content\/uploads\/2025\/01\/6-150x150.png 150w, https:\/\/fechiteme.cl\/ns\/wp-content\/uploads\/2025\/01\/6-768x768.png 768w, https:\/\/fechiteme.cl\/ns\/wp-content\/uploads\/2025\/01\/6.png 1080w\" sizes=\"(max-width: 640px) 100vw, 640px\" \/>\t\t\t\t\t\t\t\t<\/a>\n\t\t\t\t\t\t\t\t\t\t\t\t\t\t\t<\/div>\n\t\t\t\t<\/div>\n\t\t\t\t\t<\/div>\n\t\t\t\t<\/div>\n\t\t<div class=\"elementor-element elementor-element-072bbea e-flex e-con-boxed e-con e-child\" data-id=\"072bbea\" data-element_type=\"container\">\n\t\t\t\t\t<div class=\"e-con-inner\">\n\t\t\t\t<div class=\"elementor-element elementor-element-b7c3b3f elementor-widget elementor-widget-image\" data-id=\"b7c3b3f\" data-element_type=\"widget\" data-widget_type=\"image.default\">\n\t\t\t\t<div class=\"elementor-widget-container\">\n\t\t\t\t\t\t\t\t\t\t\t\t\t\t\t\t<a href=\"https:\/\/www.instagram.com\/jlopz._\/\" target=\"_blank\">\n\t\t\t\t\t\t\t<img loading=\"lazy\" decoding=\"async\" width=\"640\" height=\"640\" src=\"https:\/\/fechiteme.cl\/ns\/wp-content\/uploads\/2025\/01\/7-1024x1024.png\" class=\"attachment-large size-large wp-image-1816\" alt=\"\" srcset=\"https:\/\/fechiteme.cl\/ns\/wp-content\/uploads\/2025\/01\/7-1024x1024.png 1024w, https:\/\/fechiteme.cl\/ns\/wp-content\/uploads\/2025\/01\/7-300x300.png 300w, https:\/\/fechiteme.cl\/ns\/wp-content\/uploads\/2025\/01\/7-150x150.png 150w, https:\/\/fechiteme.cl\/ns\/wp-content\/uploads\/2025\/01\/7-768x768.png 768w, https:\/\/fechiteme.cl\/ns\/wp-content\/uploads\/2025\/01\/7.png 1080w\" sizes=\"(max-width: 640px) 100vw, 640px\" \/>\t\t\t\t\t\t\t\t<\/a>\n\t\t\t\t\t\t\t\t\t\t\t\t\t\t\t<\/div>\n\t\t\t\t<\/div>\n\t\t\t\t\t<\/div>\n\t\t\t\t<\/div>\n\t\t<div class=\"elementor-element elementor-element-b84a82d e-flex e-con-boxed e-con e-child\" data-id=\"b84a82d\" data-element_type=\"container\">\n\t\t\t\t\t<div class=\"e-con-inner\">\n\t\t\t\t<div class=\"elementor-element elementor-element-ebba51f elementor-widget elementor-widget-image\" data-id=\"ebba51f\" data-element_type=\"widget\" data-widget_type=\"image.default\">\n\t\t\t\t<div class=\"elementor-widget-container\">\n\t\t\t\t\t\t\t\t\t\t\t\t\t\t\t\t<a href=\"https:\/\/www.instagram.com\/_macaa.reyess_\/\" target=\"_blank\">\n\t\t\t\t\t\t\t<img loading=\"lazy\" decoding=\"async\" width=\"640\" height=\"640\" src=\"https:\/\/fechiteme.cl\/ns\/wp-content\/uploads\/2025\/01\/8-1024x1024.png\" class=\"attachment-large size-large wp-image-1817\" alt=\"\" srcset=\"https:\/\/fechiteme.cl\/ns\/wp-content\/uploads\/2025\/01\/8-1024x1024.png 1024w, https:\/\/fechiteme.cl\/ns\/wp-content\/uploads\/2025\/01\/8-300x300.png 300w, https:\/\/fechiteme.cl\/ns\/wp-content\/uploads\/2025\/01\/8-150x150.png 150w, https:\/\/fechiteme.cl\/ns\/wp-content\/uploads\/2025\/01\/8-768x768.png 768w, https:\/\/fechiteme.cl\/ns\/wp-content\/uploads\/2025\/01\/8.png 1080w\" sizes=\"(max-width: 640px) 100vw, 640px\" \/>\t\t\t\t\t\t\t\t<\/a>\n\t\t\t\t\t\t\t\t\t\t\t\t\t\t\t<\/div>\n\t\t\t\t<\/div>\n\t\t\t\t\t<\/div>\n\t\t\t\t<\/div>\n\t\t<div class=\"elementor-element elementor-element-0746597 e-flex e-con-boxed e-con e-child\" data-id=\"0746597\" data-element_type=\"container\">\n\t\t\t\t\t<div class=\"e-con-inner\">\n\t\t\t\t<div class=\"elementor-element elementor-element-5598821 elementor-widget elementor-widget-image\" data-id=\"5598821\" data-element_type=\"widget\" data-widget_type=\"image.default\">\n\t\t\t\t<div class=\"elementor-widget-container\">\n\t\t\t\t\t\t\t\t\t\t\t\t\t\t\t\t<a href=\"https:\/\/www.instagram.com\/gomeeztm\/\" target=\"_blank\">\n\t\t\t\t\t\t\t<img loading=\"lazy\" decoding=\"async\" width=\"640\" height=\"640\" src=\"https:\/\/fechiteme.cl\/ns\/wp-content\/uploads\/2025\/01\/9-1024x1024.png\" class=\"attachment-large size-large wp-image-1818\" alt=\"\" srcset=\"https:\/\/fechiteme.cl\/ns\/wp-content\/uploads\/2025\/01\/9-1024x1024.png 1024w, https:\/\/fechiteme.cl\/ns\/wp-content\/uploads\/2025\/01\/9-300x300.png 300w, https:\/\/fechiteme.cl\/ns\/wp-content\/uploads\/2025\/01\/9-150x150.png 150w, https:\/\/fechiteme.cl\/ns\/wp-content\/uploads\/2025\/01\/9-768x768.png 768w, https:\/\/fechiteme.cl\/ns\/wp-content\/uploads\/2025\/01\/9.png 1080w\" sizes=\"(max-width: 640px) 100vw, 640px\" \/>\t\t\t\t\t\t\t\t<\/a>\n\t\t\t\t\t\t\t\t\t\t\t\t\t\t\t<\/div>\n\t\t\t\t<\/div>\n\t\t\t\t\t<\/div>\n\t\t\t\t<\/div>\n\t\t<div class=\"elementor-element elementor-element-e6257cb e-flex e-con-boxed e-con e-child\" data-id=\"e6257cb\" data-element_type=\"container\">\n\t\t\t\t\t<div class=\"e-con-inner\">\n\t\t\t\t<div class=\"elementor-element elementor-element-0b549ae elementor-widget elementor-widget-image\" data-id=\"0b549ae\" data-element_type=\"widget\" data-widget_type=\"image.default\">\n\t\t\t\t<div class=\"elementor-widget-container\">\n\t\t\t\t\t\t\t\t\t\t\t\t\t\t\t\t<a href=\"https:\/\/www.instagram.com\/valentinaariossalazar\/\" target=\"_blank\">\n\t\t\t\t\t\t\t<img loading=\"lazy\" decoding=\"async\" width=\"640\" height=\"640\" src=\"https:\/\/fechiteme.cl\/ns\/wp-content\/uploads\/2025\/01\/10-1024x1024.png\" class=\"attachment-large size-large wp-image-1819\" alt=\"\" srcset=\"https:\/\/fechiteme.cl\/ns\/wp-content\/uploads\/2025\/01\/10-1024x1024.png 1024w, https:\/\/fechiteme.cl\/ns\/wp-content\/uploads\/2025\/01\/10-300x300.png 300w, https:\/\/fechiteme.cl\/ns\/wp-content\/uploads\/2025\/01\/10-150x150.png 150w, https:\/\/fechiteme.cl\/ns\/wp-content\/uploads\/2025\/01\/10-768x768.png 768w, https:\/\/fechiteme.cl\/ns\/wp-content\/uploads\/2025\/01\/10.png 1080w\" sizes=\"(max-width: 640px) 100vw, 640px\" \/>\t\t\t\t\t\t\t\t<\/a>\n\t\t\t\t\t\t\t\t\t\t\t\t\t\t\t<\/div>\n\t\t\t\t<\/div>\n\t\t\t\t\t<\/div>\n\t\t\t\t<\/div>\n\t\t\t\t<\/div>\n\t\t<div id=\"e-n-tab-content-1361701892\" role=\"tabpanel\" aria-labelledby=\"e-n-tab-title-1361701892\" data-tab-index=\"2\" style=\"--n-tabs-title-order: 2;\" class=\" elementor-element elementor-element-d2b8820 e-con-full e-flex e-con e-child\" data-id=\"d2b8820\" data-element_type=\"container\">\n\t\t\t\t<\/div>\n\t\t\t\t\t<\/div>\n\t\t<\/div>\n\t\t\t\t\t\t<\/div>\n\t\t\t\t<\/div>\n\t\t\t\t\t<\/div>\n\t\t\t\t<\/div>\n\t\t\t\t<\/div>\n\t\t","protected":false},"excerpt":{"rendered":"<p>En esta secci\u00f3n encontrar\u00e1s a los Campeones Nacional Individual en sus diferentes categor\u00edas 2024 2025<\/p>\n","protected":false},"author":3,"featured_media":0,"parent":0,"menu_order":0,"comment_status":"closed","ping_status":"closed","template":"","meta":{"footnotes":""},"class_list":["post-1812","page","type-page","status-publish","hentry"],"_links":{"self":[{"href":"https:\/\/fechiteme.cl\/ns\/wp-json\/wp\/v2\/pages\/1812","targetHints":{"allow":["GET"]}}],"collection":[{"href":"https:\/\/fechiteme.cl\/ns\/wp-json\/wp\/v2\/pages"}],"about":[{"href":"https:\/\/fechiteme.cl\/ns\/wp-json\/wp\/v2\/types\/page"}],"author":[{"embeddable":true,"href":"https:\/\/fechiteme.cl\/ns\/wp-json\/wp\/v2\/users\/3"}],"replies":[{"embeddable":true,"href":"https:\/\/fechiteme.cl\/ns\/wp-json\/wp\/v2\/comments?post=1812"}],"version-history":[{"count":12,"href":"https:\/\/fechiteme.cl\/ns\/wp-json\/wp\/v2\/pages\/1812\/revisions"}],"predecessor-version":[{"id":1836,"href":"https:\/\/fechiteme.cl\/ns\/wp-json\/wp\/v2\/pages\/1812\/revisions\/1836"}],"wp:attachment":[{"href":"https:\/\/fechiteme.cl\/ns\/wp-json\/wp\/v2\/media?parent=1812"}],"curies":[{"name":"wp","href":"https:\/\/api.w.org\/{rel}","templated":true}]}}