{"id":2700,"date":"2025-06-17T22:06:58","date_gmt":"2025-06-17T22:06:58","guid":{"rendered":"https:\/\/fechiteme.cl\/ns\/?page_id=2700"},"modified":"2025-08-09T02:31:04","modified_gmt":"2025-08-09T02:31:04","slug":"protocolo-abuso","status":"publish","type":"page","link":"https:\/\/fechiteme.cl\/ns\/protocolo-abuso\/","title":{"rendered":"Protocolo-Abuso"},"content":{"rendered":"\t\t<div data-elementor-type=\"wp-page\" data-elementor-id=\"2700\" class=\"elementor elementor-2700\" data-elementor-post-type=\"page\">\n\t\t\t\t<div class=\"elementor-element elementor-element-7150750 e-flex e-con-boxed e-con e-parent\" data-id=\"7150750\" data-element_type=\"container\">\n\t\t\t\t\t<div class=\"e-con-inner\">\n\t\t\t\t<div class=\"elementor-element elementor-element-d4b5a23 elementor-widget elementor-widget-image\" data-id=\"d4b5a23\" data-element_type=\"widget\" data-widget_type=\"image.default\">\n\t\t\t\t<div class=\"elementor-widget-container\">\n\t\t\t\t\t\t\t\t\t\t\t\t\t\t\t<img fetchpriority=\"high\" decoding=\"async\" width=\"640\" height=\"236\" src=\"https:\/\/fechiteme.cl\/ns\/wp-content\/uploads\/2025\/06\/protocolo-contra-el-abuso-sexual-header-1024x378.png\" class=\"attachment-large size-large wp-image-2701\" alt=\"\" srcset=\"https:\/\/fechiteme.cl\/ns\/wp-content\/uploads\/2025\/06\/protocolo-contra-el-abuso-sexual-header-1024x378.png 1024w, https:\/\/fechiteme.cl\/ns\/wp-content\/uploads\/2025\/06\/protocolo-contra-el-abuso-sexual-header-300x111.png 300w, https:\/\/fechiteme.cl\/ns\/wp-content\/uploads\/2025\/06\/protocolo-contra-el-abuso-sexual-header-768x284.png 768w, https:\/\/fechiteme.cl\/ns\/wp-content\/uploads\/2025\/06\/protocolo-contra-el-abuso-sexual-header-1536x567.png 1536w, https:\/\/fechiteme.cl\/ns\/wp-content\/uploads\/2025\/06\/protocolo-contra-el-abuso-sexual-header.png 1920w\" sizes=\"(max-width: 640px) 100vw, 640px\" \/>\t\t\t\t\t\t\t\t\t\t\t\t\t\t\t<\/div>\n\t\t\t\t<\/div>\n\t\t\t\t\t<\/div>\n\t\t\t\t<\/div>\n\t\t<div class=\"elementor-element elementor-element-2784369 e-flex e-con-boxed e-con e-parent\" data-id=\"2784369\" data-element_type=\"container\">\n\t\t\t\t\t<div class=\"e-con-inner\">\n\t\t\t\t<div class=\"elementor-element elementor-element-16434fa elementor-widget elementor-widget-text-editor\" data-id=\"16434fa\" data-element_type=\"widget\" data-widget_type=\"text-editor.default\">\n\t\t\t\t<div class=\"elementor-widget-container\">\n\t\t\t\t\t\t\t\t\t<h4>\u00a1Cuidemos el deporte y a nuestros deportistas, adopta el Protocolo Contra el Abuso Sexual, Acoso Sexual, Discriminaci\u00f3n y Maltrato en la Actividad Deportiva Nacional (Decreto Supremo N\u00ba 22, de 2020)!<\/h4><p>La Ley N\u00b0 21.197 contra el Abuso Sexual, Acoso Sexual, Discriminaci\u00f3n y Maltrato en actividad deportiva nacional estableci\u00f3 el deber de contar con un \u201cProtocolo contra el Acoso Sexual, Abuso Sexual, Discriminaci\u00f3n y Maltrato en la Actividad Deportiva Nacional\u201d, el que se aprob\u00f3 mediante Decreto Supremo N\u00b0 22 de 2020, del Ministerio del Deporte.<\/p><p>El objetivo de este mandato legal, exige el establecimiento de un nuevo est\u00e1ndar de seguridad para la pr\u00e1ctica de la actividad deportiva en nuestro pa\u00eds. La construcci\u00f3n de este est\u00e1ndar, cuya finalidad es proteger a las y los deportistas y a la comunidad deportiva en su conjunto de conductas vulneratorias, constituye un paso fundamental para avanzar en la construcci\u00f3n de un deporte m\u00e1s seguro, mediante la prevenci\u00f3n y sanci\u00f3n de dichas conductas.<\/p><p>Igualmente, la ley del deporte, establece que\u00a0<u>\u00abLas organizaciones deportivas, en el momento de optar a beneficios o recursos p\u00fablicos de cualquier naturaleza u origen, deber\u00e1n acreditar haber adoptado el Protocolo elaborado por el Ministerio del Deporte para la prevenci\u00f3n y sanci\u00f3n de las conductas de acoso sexual, abuso sexual, discriminaci\u00f3n y maltrato\u00bb<\/u>.<\/p><p>M\u00e1s informaci\u00f3n en <a href=\"https:\/\/ind.cl\/protocolo-contra-el-abuso-sexual-acoso-sexual-maltrato-y-discriminacion-en-la-actividad-deportiva-nacional\/\">https:\/\/ind.cl\/protocolo-contra-el-abuso-sexual-acoso-sexual-maltrato-y-discriminacion-en-la-actividad-deportiva-nacional\/\u00a0<\/a><\/p>\t\t\t\t\t\t\t\t<\/div>\n\t\t\t\t<\/div>\n\t\t\t\t\t<\/div>\n\t\t\t\t<\/div>\n\t\t<div class=\"elementor-element elementor-element-3d5b839 e-flex e-con-boxed e-con e-parent\" data-id=\"3d5b839\" data-element_type=\"container\">\n\t\t\t\t\t<div class=\"e-con-inner\">\n\t\t\t\t<div class=\"elementor-element elementor-element-1183fa6 elementor-widget elementor-widget-heading\" data-id=\"1183fa6\" data-element_type=\"widget\" data-widget_type=\"heading.default\">\n\t\t\t\t<div class=\"elementor-widget-container\">\n\t\t\t\t\t<h2 class=\"elementor-heading-title elementor-size-default\">Responsable institucionales Fechiteme 2025-2027<\/h2>\t\t\t\t<\/div>\n\t\t\t\t<\/div>\n\t\t\t\t\t<\/div>\n\t\t\t\t<\/div>\n\t\t<div class=\"elementor-element elementor-element-293473d e-flex e-con-boxed e-con e-parent\" data-id=\"293473d\" data-element_type=\"container\">\n\t\t\t\t\t<div class=\"e-con-inner\">\n\t\t\t\t<div class=\"elementor-element elementor-element-bbf42ca elementor-widget elementor-widget-text-editor\" data-id=\"bbf42ca\" data-element_type=\"widget\" data-widget_type=\"text-editor.default\">\n\t\t\t\t<div class=\"elementor-widget-container\">\n\t\t\t\t\t\t\t\t\t<p>La ley N\u00b0 21.197 contra el Abuso sexual, Acoso sexual, Discriminaci\u00f3n y Maltrato en la actividad deportiva nacional, mandat\u00f3 al Ministerio del Deporte la elaboraci\u00f3n y aprobaci\u00f3n, mediante decreto supremo, de un protocolo general para la prevenci\u00f3n y sanci\u00f3n de las se\u00f1aladas conductas.<\/p><p>En reuni\u00f3n de 27 de Julio 2025 nombr\u00f3 sus Representantes Institucionales:<\/p><ul class=\"wp-block-list\"><li><strong>Titular: Oscar Mella (oscarmellac@gmail.com) \/ +56 9 5855 2785<\/strong><\/li><li><strong>Suplente (01)\u00a0 Sebasti\u00e1n Rom\u00e1n \/ +56 9 6259 7544<\/strong><\/li><li><strong>\u00a0Suplente (02) Loreto Becerra\u00a0<\/strong><\/li><li><strong>PROTOCOLO ABUSO<\/strong><\/li><li><strong><a href=\"https:\/\/www.paralimpico.cl\/wp-content\/uploads\/2021\/03\/OFICIO-No17-ADJUNTA-AUTO-ACORDAD-O-2020-CNAD-PROTOCOLO-DS-No22.pdf\" data-type=\"URL\" data-id=\"https:\/\/www.paralimpico.cl\/wp-content\/uploads\/2021\/03\/OFICIO-No17-ADJUNTA-AUTO-ACORDAD-O-2020-CNAD-PROTOCOLO-DS-No22.pdf\">OFICIO COMISI\u00d3N NACIONAL DE ARBITRAJE DEPORTIVO (CNAD)<\/a><\/strong><\/li><li><strong><a href=\"https:\/\/www.paralimpico.cl\/wp-content\/uploads\/2021\/03\/AUTO-ACORDADO-CNAD-2020.pdf\" data-type=\"URL\" data-id=\"https:\/\/www.paralimpico.cl\/wp-content\/uploads\/2021\/03\/AUTO-ACORDADO-CNAD-2020.pdf\">AUTO ACORDADO CNAD<\/a><\/strong><\/li><\/ul><p>En caso de existir alguna denuncia, esta debe ser derivada al representante institucional de cada Asociaci\u00f3n\u00a0 afiliada seg\u00fan corresponda, en los casos que sean parte de Fechiteme deber\u00e1 ser enviada al correo del Delegado Institucional Titular de Fechiteme\u00a0 quien velar\u00e1 por el debido proceso de la misma, derivando el caso a las instituciones correspondientes.<\/p>\t\t\t\t\t\t\t\t<\/div>\n\t\t\t\t<\/div>\n\t\t\t\t\t<\/div>\n\t\t\t\t<\/div>\n\t\t<div class=\"elementor-element elementor-element-ef70683 e-flex e-con-boxed e-con e-parent\" data-id=\"ef70683\" data-element_type=\"container\">\n\t\t\t\t\t<div class=\"e-con-inner\">\n\t\t\t\t<div class=\"elementor-element elementor-element-d63463b elementor-widget elementor-widget-text-editor\" data-id=\"d63463b\" data-element_type=\"widget\" data-widget_type=\"text-editor.default\">\n\t\t\t\t<div class=\"elementor-widget-container\">\n\t\t\t\t\t\t\t\t\t<div class=\"panel-heading\"><div class=\"panel-heading\"><h5>Sobre los Responsables Institucionales<\/h5><\/div><div id=\"collapsewidget-1-0-1-6-sobre-los-responsables-institucionales\" class=\"panel-collapse collapse in\" aria-expanded=\"true\"><div class=\"panel-body postclass\"><div id=\"pl-w65e619ea03b38\" class=\"panel-layout\"><div id=\"pg-w65e619ea03b38-0\" class=\"panel-grid panel-no-style\"><div id=\"pgc-w65e619ea03b38-0-0\" class=\"panel-grid-cell\"><div id=\"panel-w65e619ea03b38-0-0-0\" class=\"so-panel widget widget_black-studio-tinymce widget_black_studio_tinymce panel-first-child panel-last-child\" data-index=\"0\"><div class=\"panel-widget-style panel-widget-style-for-w65e619ea03b38-0-0-0\"><div class=\"textwidget\"><ul><li>Toda organizaci\u00f3n deportiva tiene la obligaci\u00f3n de designar oficialmente a dos o m\u00e1s personas de la instituci\u00f3n, para que ejerzan el cargo de Responsables Institucionales de la aplicaci\u00f3n de los procedimientos de intervenci\u00f3n establecidos en el Protocolo establecido en DS 22.<\/li><li>De entre los designados, uno de ellos ejercer\u00e1 el cargo como titular, y el otro u otros lo ejercer\u00e1n como suplentes de conformidad a un orden preestablecido.<\/li><li>Dicho cargo ser\u00e1 incompatible con aquellos que conforman el directorio de la organizaci\u00f3n y se ejercer\u00e1 por un periodo de 2 a\u00f1os.<\/li><li>El cargo deber\u00e1 recaer en personas mayores de edad y designarse teniendo en consideraci\u00f3n las aptitudes y perfil personal y profesional de las personas elegidas, para ejercer adecuadamente las tareas asignadas. Para ello, previo a su designaci\u00f3n deber\u00e1 solicitarse el correspondiente certificado de antecedentes penales para fines especiales, registro de violencia intrafamiliar, y solicitar la informaci\u00f3n referida a si estas personas se encuentran afectas a la inhabilitaci\u00f3n establecida en el art\u00edculo 39 bis del C\u00f3digo Penal, en los t\u00e9rminos establecidos por la ley N\u00ba 20.594.<\/li><\/ul><p><strong>Algunas de las funciones de los Responsables Institucionales son<\/strong>:<\/p><ol><li>Recibir oficialmente las denuncias por conductas de acoso sexual, abuso sexual, discriminaci\u00f3n o maltrato, que se hayan originado en el seno de su organizaci\u00f3n deportiva, y que afecten a alguno de sus trabajadores, dirigentes, entrenadores y\/o deportistas.<\/li><li>Establecer contacto de manera r\u00e1pida y expedita con \u00e9l o la denunciante (o con sus padres o tutores, en caso de ser menor edad el o la afectada), sea de manera personal, telef\u00f3nica, electr\u00f3nica o por cualquier otro medio disponible.<\/li><li>Abrir expediente singularizado y mantener registro documental respecto de cada uno de los casos denunciados que sean sometidos a su conocimiento.<\/li><li>Efectuar una evaluaci\u00f3n de los antecedentes y de la naturaleza de los hechos denunciados, dentro de un plazo no mayor a las 48 horas, \u00e9sta evaluaci\u00f3n determinar\u00e1 si los hechos de la denuncia revisten o no caracteres de delito.<\/li><\/ol><p>Para conocer a mayor detalle las funciones y atribuciones de los Responsables Institucionales, te invitamos a leer el Decreto Supremo N\u00b0 22, de 2020, del Ministerio del Deporte. Por una pr\u00e1ctica del deporte segura y protegida, \u00a1INF\u00d3RMATE!<\/p><\/div><\/div><\/div><\/div><\/div><\/div><\/div><\/div><h5>\u00a0Documentos de Inter\u00e9s<\/h5><\/div><div id=\"collapsewidget-1-0-1-7-documentos-de-inter\u00e9s\" class=\"panel-collapse collapse in\" aria-expanded=\"true\"><div class=\"panel-body postclass\"><div id=\"pl-w65e619ea03b3a\" class=\"panel-layout\"><div id=\"pg-w65e619ea03b3a-0\" class=\"panel-grid panel-no-style\"><div id=\"pgc-w65e619ea03b3a-0-0\" class=\"panel-grid-cell\"><div id=\"panel-w65e619ea03b3a-0-0-0\" class=\"so-panel widget widget_black-studio-tinymce widget_black_studio_tinymce panel-first-child panel-last-child\" data-index=\"0\"><div class=\"panel-widget-style panel-widget-style-for-w65e619ea03b3a-0-0-0\"><div class=\"textwidget\"><ul><li><a href=\"https:\/\/ind.cl\/wp-content\/uploads\/2022\/10\/CONOCE-MAS-SOBRE-EL-PROTOCOLO.pdf\" target=\"_blank\" rel=\"noopener\">CONOCE M\u00c1S SOBRE EL PROTOCOLO<\/a><\/li><li><a href=\"https:\/\/ind.cl\/wp-content\/uploads\/2022\/10\/DECRETO-22-PROTOCOLO-CONTRA-EL-ABUSO-MALTRATO-Y-DISCRIMINACION-EN-EL-DEPORTE.pdf\" target=\"_blank\" rel=\"noopener\">DECRETO 22 &#8211; PROTOCOLO CONTRA EL ABUSO, ACOSO, MALTRATO Y DISCRIMINACI\u00d3N EN EL DEPORTE<\/a><\/li><li><a href=\"https:\/\/ind.cl\/wp-content\/uploads\/2024\/02\/FORMULARIO-DE-SOLICITUD-DE-INSCRIPCION-RESPOSABLES-INSTITUCIONALES.docx\" target=\"_blank\" rel=\"noopener\">FORMULARIO DE SOLICITUD DE INSCRIPCI\u00d3N DE RESPONSABLES INSTITUCIONALES<\/a><\/li><\/ul><\/div><\/div><\/div><\/div><\/div><\/div><\/div><\/div>\t\t\t\t\t\t\t\t<\/div>\n\t\t\t\t<\/div>\n\t\t\t\t\t<\/div>\n\t\t\t\t<\/div>\n\t\t\t\t<\/div>\n\t\t","protected":false},"excerpt":{"rendered":"<p>\u00a1Cuidemos el deporte y a nuestros deportistas, adopta el Protocolo Contra el Abuso Sexual, Acoso Sexual, Discriminaci\u00f3n y Maltrato en la Actividad Deportiva Nacional (Decreto Supremo N\u00ba 22, de 2020)! La Ley N\u00b0 21.197 contra el Abuso Sexual, Acoso Sexual, Discriminaci\u00f3n y Maltrato en actividad deportiva nacional estableci\u00f3 el deber de contar con un \u201cProtocolo&#8230;<\/p>\n","protected":false},"author":1,"featured_media":0,"parent":0,"menu_order":0,"comment_status":"closed","ping_status":"closed","template":"","meta":{"footnotes":""},"class_list":["post-2700","page","type-page","status-publish","hentry"],"_links":{"self":[{"href":"https:\/\/fechiteme.cl\/ns\/wp-json\/wp\/v2\/pages\/2700","targetHints":{"allow":["GET"]}}],"collection":[{"href":"https:\/\/fechiteme.cl\/ns\/wp-json\/wp\/v2\/pages"}],"about":[{"href":"https:\/\/fechiteme.cl\/ns\/wp-json\/wp\/v2\/types\/page"}],"author":[{"embeddable":true,"href":"https:\/\/fechiteme.cl\/ns\/wp-json\/wp\/v2\/users\/1"}],"replies":[{"embeddable":true,"href":"https:\/\/fechiteme.cl\/ns\/wp-json\/wp\/v2\/comments?post=2700"}],"version-history":[{"count":9,"href":"https:\/\/fechiteme.cl\/ns\/wp-json\/wp\/v2\/pages\/2700\/revisions"}],"predecessor-version":[{"id":3269,"href":"https:\/\/fechiteme.cl\/ns\/wp-json\/wp\/v2\/pages\/2700\/revisions\/3269"}],"wp:attachment":[{"href":"https:\/\/fechiteme.cl\/ns\/wp-json\/wp\/v2\/media?parent=2700"}],"curies":[{"name":"wp","href":"https:\/\/api.w.org\/{rel}","templated":true}]}}