{"id":5480,"date":"2026-01-29T19:33:14","date_gmt":"2026-01-29T19:33:14","guid":{"rendered":"https:\/\/fechiteme.cl\/ns\/?page_id=5480"},"modified":"2026-04-18T23:49:40","modified_gmt":"2026-04-18T23:49:40","slug":"ittf-world-para-future-santiago-de-chile-2026","status":"publish","type":"page","link":"https:\/\/fechiteme.cl\/ns\/ittf-world-para-future-santiago-de-chile-2026\/","title":{"rendered":"ITTF World Para Future Santiago De Chile 2026"},"content":{"rendered":"\t\t<div data-elementor-type=\"wp-page\" data-elementor-id=\"5480\" class=\"elementor elementor-5480\" data-elementor-post-type=\"page\">\n\t\t\t\t<div class=\"elementor-element elementor-element-8f098d4 e-flex e-con-boxed e-con e-parent\" data-id=\"8f098d4\" data-element_type=\"container\">\n\t\t\t\t\t<div class=\"e-con-inner\">\n\t\t\t\t<div class=\"elementor-element elementor-element-f425c0c elementor-widget elementor-widget-image\" data-id=\"f425c0c\" data-element_type=\"widget\" data-widget_type=\"image.default\">\n\t\t\t\t<div class=\"elementor-widget-container\">\n\t\t\t\t\t\t\t\t\t\t\t\t\t\t\t<img fetchpriority=\"high\" decoding=\"async\" width=\"640\" height=\"341\" src=\"https:\/\/fechiteme.cl\/ns\/wp-content\/uploads\/2026\/04\/2.jpg\" class=\"attachment-large size-large wp-image-5811\" alt=\"\" srcset=\"https:\/\/fechiteme.cl\/ns\/wp-content\/uploads\/2026\/04\/2.jpg 750w, https:\/\/fechiteme.cl\/ns\/wp-content\/uploads\/2026\/04\/2-300x160.jpg 300w\" sizes=\"(max-width: 640px) 100vw, 640px\" \/>\t\t\t\t\t\t\t\t\t\t\t\t\t\t\t<\/div>\n\t\t\t\t<\/div>\n\t\t\t\t\t<\/div>\n\t\t\t\t<\/div>\n\t\t<div class=\"elementor-element elementor-element-bcbb40b e-flex e-con-boxed e-con e-parent\" data-id=\"bcbb40b\" data-element_type=\"container\">\n\t\t\t\t\t<div class=\"e-con-inner\">\n\t\t\t\t<div class=\"elementor-element elementor-element-a02f503 elementor-widget elementor-widget-text-editor\" data-id=\"a02f503\" data-element_type=\"widget\" data-widget_type=\"text-editor.default\">\n\t\t\t\t<div class=\"elementor-widget-container\">\n\t\t\t\t\t\t\t\t\t<p>El evento Para Tenis de Mesa m\u00e1s importante del a\u00f1o para nuestro pa\u00eds, que ser\u00e1 desarrollado en el CEP-Parque Estadio Nacional.\u00a0<\/p><ul><li><a href=\"https:\/\/fechiteme.cl\/ns\/wp-content\/uploads\/2026\/04\/EVENT_BULLETIN_1_PARAFUTURE_SANTIAGO.pdf\" target=\"_blank\" rel=\"noopener\">Bolet\u00edn informativo<\/a> (PDF)\u00a0<\/li><li>Pagina oficial del evento <a href=\"https:\/\/www.ittf.com\/tournament\/3423\/ITTF-World-Para-Future-Santiago-2026\/\">https:\/\/www.ittf.com\/tournament\/3423\/ITTF-World-Para-Future-Santiago-2026\/\u00a0<\/a><\/li><li>M\u00e1s informaci\u00f3n en\u00a0 eventos@fechiteme.cl\u00a0\u00a0<\/li><li><a href=\"https:\/\/www.flickr.com\/photos\/202861364@N07\/albums\/\">Fotograf\u00edas del evento\u00a0<\/a><\/li><li><a href=\"https:\/\/fechiteme.cl\/ns\/wp-content\/uploads\/2026\/04\/PROGRAMACION-FINAL-DETALLADAS-PARA-FUTURE-CHILE-2026.pdf\">Programaci\u00f3n del evento Para Future Chile Open\u00a0<\/a><\/li><\/ul><p><strong>Fechas criticas\u00a0<\/strong><\/p><ul><li>09 de marzo \/ fecha limite de inscripci\u00f3n de singles.\u00a0<\/li><li>15 de marzo \/ fecha limite de inscripci\u00f3n de dobles\u00a0<\/li><li>Link de inscripci\u00f3n internacional: <a href=\"https:\/\/ems.ittf.link\/\" target=\"_blank\" rel=\"noopener\">https:\/\/ems.ittf.link\/\u00a0<\/a><\/li><\/ul>\t\t\t\t\t\t\t\t<\/div>\n\t\t\t\t<\/div>\n\t\t\t\t\t<\/div>\n\t\t\t\t<\/div>\n\t\t<div class=\"elementor-element elementor-element-80404da e-flex e-con-boxed e-con e-parent\" data-id=\"80404da\" data-element_type=\"container\">\n\t\t\t\t\t<div class=\"e-con-inner\">\n\t\t\t\t<div class=\"elementor-element elementor-element-e445149 elementor-widget elementor-widget-video\" data-id=\"e445149\" data-element_type=\"widget\" data-settings=\"{&quot;youtube_url&quot;:&quot;https:\\\/\\\/www.youtube.com\\\/watch?v=J0GT5O97WI0&quot;,&quot;video_type&quot;:&quot;youtube&quot;,&quot;controls&quot;:&quot;yes&quot;}\" data-widget_type=\"video.default\">\n\t\t\t\t<div class=\"elementor-widget-container\">\n\t\t\t\t\t\t\t<div class=\"elementor-wrapper elementor-open-inline\">\n\t\t\t<div class=\"elementor-video\"><\/div>\t\t<\/div>\n\t\t\t\t\t\t<\/div>\n\t\t\t\t<\/div>\n\t\t\t\t\t<\/div>\n\t\t\t\t<\/div>\n\t\t<div class=\"elementor-element elementor-element-547fe4e e-flex e-con-boxed e-con e-parent\" data-id=\"547fe4e\" data-element_type=\"container\">\n\t\t\t\t\t<div class=\"e-con-inner\">\n\t\t\t\t<div class=\"elementor-element elementor-element-23446d8 elementor-widget elementor-widget-image\" data-id=\"23446d8\" data-element_type=\"widget\" data-widget_type=\"image.default\">\n\t\t\t\t<div class=\"elementor-widget-container\">\n\t\t\t\t\t\t\t\t\t\t\t\t\t\t\t<img decoding=\"async\" width=\"640\" height=\"395\" src=\"https:\/\/fechiteme.cl\/ns\/wp-content\/uploads\/2026\/04\/DSC_6929-1024x632.jpg\" class=\"attachment-large size-large wp-image-5857\" alt=\"\" srcset=\"https:\/\/fechiteme.cl\/ns\/wp-content\/uploads\/2026\/04\/DSC_6929-1024x632.jpg 1024w, https:\/\/fechiteme.cl\/ns\/wp-content\/uploads\/2026\/04\/DSC_6929-300x185.jpg 300w, https:\/\/fechiteme.cl\/ns\/wp-content\/uploads\/2026\/04\/DSC_6929-768x474.jpg 768w, https:\/\/fechiteme.cl\/ns\/wp-content\/uploads\/2026\/04\/DSC_6929-1536x948.jpg 1536w, https:\/\/fechiteme.cl\/ns\/wp-content\/uploads\/2026\/04\/DSC_6929.jpg 2000w\" sizes=\"(max-width: 640px) 100vw, 640px\" \/>\t\t\t\t\t\t\t\t\t\t\t\t\t\t\t<\/div>\n\t\t\t\t<\/div>\n\t\t\t\t<div class=\"elementor-element elementor-element-1b38f4a elementor-widget elementor-widget-image\" data-id=\"1b38f4a\" data-element_type=\"widget\" data-widget_type=\"image.default\">\n\t\t\t\t<div class=\"elementor-widget-container\">\n\t\t\t\t\t\t\t\t\t\t\t\t\t\t\t<img decoding=\"async\" width=\"640\" height=\"853\" src=\"https:\/\/fechiteme.cl\/ns\/wp-content\/uploads\/2026\/03\/foto_1-768x1024.jpeg\" class=\"attachment-large size-large wp-image-5645\" alt=\"\" srcset=\"https:\/\/fechiteme.cl\/ns\/wp-content\/uploads\/2026\/03\/foto_1-768x1024.jpeg 768w, https:\/\/fechiteme.cl\/ns\/wp-content\/uploads\/2026\/03\/foto_1-225x300.jpeg 225w, https:\/\/fechiteme.cl\/ns\/wp-content\/uploads\/2026\/03\/foto_1-1152x1536.jpeg 1152w, https:\/\/fechiteme.cl\/ns\/wp-content\/uploads\/2026\/03\/foto_1.jpeg 1200w\" sizes=\"(max-width: 640px) 100vw, 640px\" \/>\t\t\t\t\t\t\t\t\t\t\t\t\t\t\t<\/div>\n\t\t\t\t<\/div>\n\t\t\t\t\t<\/div>\n\t\t\t\t<\/div>\n\t\t\t\t<\/div>\n\t\t","protected":false},"excerpt":{"rendered":"<p>El evento Para Tenis de Mesa m\u00e1s importante del a\u00f1o para nuestro pa\u00eds, que ser\u00e1 desarrollado en el CEP-Parque Estadio Nacional.\u00a0 Bolet\u00edn informativo (PDF)\u00a0 Pagina oficial del evento https:\/\/www.ittf.com\/tournament\/3423\/ITTF-World-Para-Future-Santiago-2026\/\u00a0 M\u00e1s informaci\u00f3n en\u00a0 eventos@fechiteme.cl\u00a0\u00a0 Fotograf\u00edas del evento\u00a0 Programaci\u00f3n del evento Para Future Chile Open\u00a0 Fechas criticas\u00a0 09 de marzo \/ fecha limite de inscripci\u00f3n de singles.\u00a0&#8230;<\/p>\n","protected":false},"author":1,"featured_media":0,"parent":0,"menu_order":0,"comment_status":"closed","ping_status":"closed","template":"","meta":{"footnotes":""},"class_list":["post-5480","page","type-page","status-publish","hentry"],"_links":{"self":[{"href":"https:\/\/fechiteme.cl\/ns\/wp-json\/wp\/v2\/pages\/5480","targetHints":{"allow":["GET"]}}],"collection":[{"href":"https:\/\/fechiteme.cl\/ns\/wp-json\/wp\/v2\/pages"}],"about":[{"href":"https:\/\/fechiteme.cl\/ns\/wp-json\/wp\/v2\/types\/page"}],"author":[{"embeddable":true,"href":"https:\/\/fechiteme.cl\/ns\/wp-json\/wp\/v2\/users\/1"}],"replies":[{"embeddable":true,"href":"https:\/\/fechiteme.cl\/ns\/wp-json\/wp\/v2\/comments?post=5480"}],"version-history":[{"count":15,"href":"https:\/\/fechiteme.cl\/ns\/wp-json\/wp\/v2\/pages\/5480\/revisions"}],"predecessor-version":[{"id":5880,"href":"https:\/\/fechiteme.cl\/ns\/wp-json\/wp\/v2\/pages\/5480\/revisions\/5880"}],"wp:attachment":[{"href":"https:\/\/fechiteme.cl\/ns\/wp-json\/wp\/v2\/media?parent=5480"}],"curies":[{"name":"wp","href":"https:\/\/api.w.org\/{rel}","templated":true}]}}